{"id":59,"date":"2022-03-31T19:25:56","date_gmt":"2022-03-31T19:25:56","guid":{"rendered":"https:\/\/tennis.tkuebler.de\/?page_id=59"},"modified":"2022-04-25T19:07:51","modified_gmt":"2022-04-25T19:07:51","slug":"start","status":"publish","type":"page","link":"https:\/\/tennis.tkuebler.de\/","title":{"rendered":"Start"},"content":{"rendered":"<div id='layer_slider_1'  class='avia-layerslider main_color avia-shadow  avia-builder-el-0  el_before_av_postslider  avia-builder-el-first  container_wrap sidebar_right'  style='height: 351px; max-width: 1280px; margin: 0 auto;'  ><\/div><div id='after_layer_slider_1'  class='main_color av_default_container_wrap container_wrap sidebar_right'  ><div class='container av-section-cont-open' ><div class='template-page content  av-content-small alpha units'><div class='post-entry post-entry-type-page post-entry-59'><div class='entry-content-wrapper clearfix'>\n<div   data-autoplay=''  data-interval='5'  data-animation='fade'  data-show_slide_delay='90'  class='avia-content-slider avia-content-slider-active avia-content-slider1 avia-content-slider-odd  avia-builder-el-1  el_after_av_layerslider  avia-builder-el-no-sibling  '  itemscope=\"itemscope\" itemtype=\"https:\/\/schema.org\/Blog\" ><div class='avia-content-slider-inner'><div class='slide-entry-wrap'><article class='slide-entry flex_column  post-entry post-entry-45 slide-entry-overview slide-loop-1 slide-parity-odd  post-entry-last  av_one_third first real-thumbnail post-format-image'  itemscope=\"itemscope\" itemtype=\"https:\/\/schema.org\/CreativeWork\" ><a href='https:\/\/tennis.tkuebler.de\/index.php\/2022\/03\/31\/aussenplaetze-2022\/' data-rel='slide-1' class='slide-image' title='Au\u00dfenpl\u00e4tze 2022'><img decoding=\"async\" width=\"495\" height=\"400\" src=\"https:\/\/tennis.tkuebler.de\/wp-content\/uploads\/2022\/03\/test-495x400.png\" class=\"wp-image-62 avia-img-lazy-loading-not-62 attachment-portfolio size-portfolio wp-post-image\" alt=\"test\" \/><\/a><div class='slide-content'><header class=\"entry-content-header\"><h3 class='slide-entry-title entry-title '  itemprop=\"headline\" ><a href='https:\/\/tennis.tkuebler.de\/index.php\/2022\/03\/31\/aussenplaetze-2022\/' title='Au\u00dfenpl\u00e4tze 2022'>Au\u00dfenpl\u00e4tze 2022<\/a><\/h3><span class=\"av-vertical-delimiter\"><\/span><\/header><div class=\"slide-meta\"><div class=\"slide-meta-comments\"><a href='https:\/\/tennis.tkuebler.de\/index.php\/2022\/03\/31\/aussenplaetze-2022\/#respond'>0 Kommentare<\/a><\/div><div class=\"slide-meta-del\">\/<\/div><time class='slide-meta-time updated'  itemprop=\"datePublished\" datetime=\"2022-03-31T18:38:05+00:00\" >M\u00e4rz 31, 2022<\/time><\/div><div class='slide-entry-excerpt entry-content'  itemprop=\"text\" >Liebe Mitglieder,\r\n\r\neinen riesigen Dank an Jens. Bereits jetzt\u2026<\/div><\/div><footer class=\"entry-footer\"><\/footer><span class='hidden'>\n\t\t\t\t<span class='av-structured-data'  itemprop=\"image\" itemscope=\"itemscope\" itemtype=\"https:\/\/schema.org\/ImageObject\" >\n\t\t\t\t\t\t<span itemprop='url'>https:\/\/tennis.tkuebler.de\/wp-content\/uploads\/2022\/03\/test.png<\/span>\n\t\t\t\t\t\t<span itemprop='height'>465<\/span>\n\t\t\t\t\t\t<span itemprop='width'>796<\/span>\n\t\t\t\t<\/span>\n\t\t\t\t<span class='av-structured-data'  itemprop=\"publisher\" itemtype=\"https:\/\/schema.org\/Organization\" itemscope=\"itemscope\" >\n\t\t\t\t\t\t<span itemprop='name'>admin<\/span>\n\t\t\t\t\t\t<span itemprop='logo' itemscope itemtype='https:\/\/schema.org\/ImageObject'>\n\t\t\t\t\t\t\t<span itemprop='url'>https:\/\/tennis.tkuebler.de\/wp-content\/uploads\/2022\/05\/TSGE_Logo_4c-300x209.png<\/span>\n\t\t\t\t\t\t <\/span>\n\t\t\t\t<\/span><span class='av-structured-data'  itemprop=\"author\" itemscope=\"itemscope\" itemtype=\"https:\/\/schema.org\/Person\" ><span itemprop='name'>admin<\/span><\/span><span class='av-structured-data'  itemprop=\"datePublished\" datetime=\"2022-03-31T19:25:56+00:00\" >2022-03-31 18:38:05<\/span><span class='av-structured-data'  itemprop=\"dateModified\" itemtype=\"https:\/\/schema.org\/dateModified\" >2022-03-31 19:37:56<\/span><span class='av-structured-data'  itemprop=\"mainEntityOfPage\" itemtype=\"https:\/\/schema.org\/mainEntityOfPage\" ><span itemprop='name'>Au\u00dfenpl\u00e4tze 2022<\/span><\/span><\/span><\/article><\/div><\/div><\/div>\n","protected":false},"excerpt":{"rendered":"","protected":false},"author":1,"featured_media":0,"parent":0,"menu_order":0,"comment_status":"closed","ping_status":"closed","template":"","meta":{"footnotes":""},"class_list":["post-59","page","type-page","status-publish","hentry"],"_links":{"self":[{"href":"https:\/\/tennis.tkuebler.de\/index.php\/wp-json\/wp\/v2\/pages\/59","targetHints":{"allow":["GET"]}}],"collection":[{"href":"https:\/\/tennis.tkuebler.de\/index.php\/wp-json\/wp\/v2\/pages"}],"about":[{"href":"https:\/\/tennis.tkuebler.de\/index.php\/wp-json\/wp\/v2\/types\/page"}],"author":[{"embeddable":true,"href":"https:\/\/tennis.tkuebler.de\/index.php\/wp-json\/wp\/v2\/users\/1"}],"replies":[{"embeddable":true,"href":"https:\/\/tennis.tkuebler.de\/index.php\/wp-json\/wp\/v2\/comments?post=59"}],"version-history":[{"count":9,"href":"https:\/\/tennis.tkuebler.de\/index.php\/wp-json\/wp\/v2\/pages\/59\/revisions"}],"predecessor-version":[{"id":144,"href":"https:\/\/tennis.tkuebler.de\/index.php\/wp-json\/wp\/v2\/pages\/59\/revisions\/144"}],"wp:attachment":[{"href":"https:\/\/tennis.tkuebler.de\/index.php\/wp-json\/wp\/v2\/media?parent=59"}],"curies":[{"name":"wp","href":"https:\/\/api.w.org\/{rel}","templated":true}]}}